{"id":1094,"date":"2022-11-07T14:17:36","date_gmt":"2022-11-07T14:17:36","guid":{"rendered":"https:\/\/handprintecc.com\/contactez-nous-2\/"},"modified":"2025-02-04T11:21:13","modified_gmt":"2025-02-04T11:21:13","slug":"contactez-nous","status":"publish","type":"page","link":"https:\/\/handprintecc.com\/fr\/contactez-nous\/","title":{"rendered":"Contactez Nous"},"content":{"rendered":"<p>[vc_row][vc_column][vc_custom_heading text=&#8221;Entrez en contact aujourd\u2019hui pour r\u00e9servez votre visite&#8221; font_container=&#8221;tag:h2|text_align:center&#8221; use_theme_fonts=&#8221;yes&#8221;][vc_column_text css=&#8221;.vc_custom_1683294732934{margin-bottom: 0px !important;padding-bottom: 0px !important;}&#8221;]<\/p>\n<p style=\"text-align: center;\">Merci d\u2019avoir pris le temps de consulter notre site Web. Veuillez remplir le formulaire ci-dessous et un membre de notre \u00e9quipe vous contactera pour arranger une visite au centre.<\/p>\n<p style=\"text-align: center;\">\u00c9galement, vous pouvez nous appeler au <a href=\"tel:+97148529944\">+97148529944<\/a> ou sur notre mobile <a href=\"tel:+971564188699\">+971564188699<\/a>.<\/p>\n<p>[\/vc_column_text][vc_empty_space][\/vc_column][\/vc_row][vc_row el_id=&#8221;Rejoindre-notre-equipe&#8221;][vc_column][vc_raw_html]JTNDaWZyYW1lJTIwc3JjJTNEJTIyaHR0cHMlM0ElMkYlMkZ3d3cuZ29vZ2xlLmNvbSUyRm1hcHMlMkZlbWJlZCUzRnBiJTNEJTIxMW0xOCUyMTFtMTIlMjExbTMlMjExZDM2MDkuNjQwNDI1MzkwMDQxNCUyMTJkNTUuMjY5NTA4MyUyMTNkMjUuMjE1MzQ1OSUyMTJtMyUyMTFmMCUyMTJmMCUyMTNmMCUyMTNtMiUyMTFpMTAyNCUyMTJpNzY4JTIxNGYxMy4xJTIxM20zJTIxMW0yJTIxMXMweDNlNWY0MjYwMDU3MmVlYTklM0EweGYyY2M2NTYyYmMxYzY0YmQlMjEyczEzJTIwNzElMjBCJTIwU3QlMjAtJTIwQWwlMjBTYXR3YSUyMC0lMjBEdWJhaSUyMTVlMCUyMTNtMiUyMTFzZW4lMjEyc2FlJTIxNHYxNjc1MzMxMTE2NTY4JTIxNW0yJTIxMXNlbiUyMTJzYWUlMjIlMjB3aWR0aCUzRCUyMjEwMCUyNSUyMiUyMGhlaWdodCUzRCUyMjI1MCUyMiUyMHN0eWxlJTNEJTIyYm9yZGVyJTNBMCUzQiUyMiUyMGFsbG93ZnVsbHNjcmVlbiUzRCUyMiUyMiUyMGxvYWRpbmclM0QlMjJsYXp5JTIyJTIwcmVmZXJyZXJwb2xpY3klM0QlMjJuby1yZWZlcnJlci13aGVuLWRvd25ncmFkZSUyMiUzRSUzQyUyRmlmcmFtZSUzRQ==[\/vc_raw_html][\/vc_column][\/vc_row][vc_row][vc_column][vc_row_inner][vc_column_inner][vc_icon icon_fontawesome=&#8221;far fa-envelope-open&#8221; color=&#8221;custom&#8221; align=&#8221;center&#8221; css=&#8221;.vc_custom_1670578364318{margin-bottom: 0px !important;padding-bottom: 0px !important;}&#8221; custom_color=&#8221;#8ab89e&#8221;][vc_column_text]<\/p>\n<p style=\"text-align: center;\">si vous \u00eates int\u00e9ress\u00e9 \u00e0 rejoindre notre \u00e9quipe envoyez-nous un email \u00e0<\/p>\n<p>[\/vc_column_text][vc_column_text]<\/p>\n<p style=\"text-align: center;\"><a href=\"mailto:admin@handprintecc.com\">admin@handprintecc.com<\/a><\/p>\n<p>[\/vc_column_text][\/vc_column_inner][\/vc_row_inner][vc_empty_space][\/vc_column][\/vc_row]<\/p>\n","protected":false},"excerpt":{"rendered":"<p>[vc_row][vc_column][vc_custom_heading text=&#8221;Entrez en contact aujourd\u2019hui pour r\u00e9servez votre visite&#8221; font_container=&#8221;tag:h2|text_align:center&#8221; use_theme_fonts=&#8221;yes&#8221;][vc_column_text css=&#8221;.vc_custom_1683294732934{margin-bottom: 0px !important;padding-bottom: 0px !important;}&#8221;]<\/p>\n<p style=\"text-align: center;\">Merci d\u2019avoir pris le temps de consulter notre site Web. Veuillez remplir le formulaire ci-dessous et un membre de notre \u00e9quipe vous contactera pour arranger une visite au centre.<\/p>\n<p style=\"text-align: center;\">\u00c9galement, vous pouvez nous appeler au <a href=\"tel:+97148529944\">+97148529944<\/a> ou sur notre mobile <a href=\"tel:+971564188699\">+971564188699<\/a>.<\/p>\n<p>[\/vc_column_text][vc_empty_space][\/vc_column][\/vc_row][vc_row el_id=&#8221;Rejoindre-notre-equipe&#8221;][vc_column][vc_raw_html]JTNDaWZyYW1lJTIwc3JjJTNEJTIyaHR0cHMlM0ElMkYlMkZ3d3cuZ29vZ2xlLmNvbSUyRm1hcHMlMkZlbWJlZCUzRnBiJTNEJTIxMW0xOCUyMTFtMTIlMjExbTMlMjExZDM2MDkuNjQwNDI1MzkwMDQxNCUyMTJkNTUuMjY5NTA4MyUyMTNkMjUuMjE1MzQ1OSUyMTJtMyUyMTFmMCUyMTJmMCUyMTNmMCUyMTNtMiUyMTFpMTAyNCUyMTJpNzY4JTIxNGYxMy4xJTIxM20zJTIxMW0yJTIxMXMweDNlNWY0MjYwMDU3MmVlYTklM0EweGYyY2M2NTYyYmMxYzY0YmQlMjEyczEzJTIwNzElMjBCJTIwU3QlMjAtJTIwQWwlMjBTYXR3YSUyMC0lMjBEdWJhaSUyMTVlMCUyMTNtMiUyMTFzZW4lMjEyc2FlJTIxNHYxNjc1MzMxMTE2NTY4JTIxNW0yJTIxMXNlbiUyMTJzYWUlMjIlMjB3aWR0aCUzRCUyMjEwMCUyNSUyMiUyMGhlaWdodCUzRCUyMjI1MCUyMiUyMHN0eWxlJTNEJTIyYm9yZGVyJTNBMCUzQiUyMiUyMGFsbG93ZnVsbHNjcmVlbiUzRCUyMiUyMiUyMGxvYWRpbmclM0QlMjJsYXp5JTIyJTIwcmVmZXJyZXJwb2xpY3klM0QlMjJuby1yZWZlcnJlci13aGVuLWRvd25ncmFkZSUyMiUzRSUzQyUyRmlmcmFtZSUzRQ==[\/vc_raw_html][\/vc_column][\/vc_row][vc_row][vc_column][vc_row_inner][vc_column_inner][vc_icon icon_fontawesome=&#8221;far fa-envelope-open&#8221; color=&#8221;custom&#8221; align=&#8221;center&#8221; css=&#8221;.vc_custom_1670578364318{margin-bottom: 0px !important;padding-bottom: 0px !important;}&#8221; custom_color=&#8221;#8ab89e&#8221;][vc_column_text]<\/p>\n<p style=\"text-align: center;\">si vous \u00eates int\u00e9ress\u00e9 \u00e0 rejoindre notre \u00e9quipe envoyez-nous un email \u00e0<\/p>\n<p>[\/vc_column_text][vc_column_text]<\/p>\n<p style=\"text-align: center;\"><a href=\"mailto:admin@handprintecc.com\">admin@handprintecc.com<\/a><\/p>\n<p>[\/vc_column_text][\/vc_column_inner][\/vc_row_inner][vc_empty_space][\/vc_column][\/vc_row]<\/p>\n","protected":false},"author":1,"featured_media":0,"parent":0,"menu_order":0,"comment_status":"closed","ping_status":"closed","template":"","meta":{"inline_featured_image":false,"footnotes":""},"class_list":["post-1094","page","type-page","status-publish","hentry"],"yoast_head":"<!-- This site is optimized with the Yoast SEO plugin v27.6 - https:\/\/yoast.com\/product\/yoast-seo-wordpress\/ -->\n<title>Contactez Nous - HandPrint<\/title>\n<meta name=\"description\" content=\"Handprint is a private bilingual center located in Dubai, United Arab Emirates. Handprint provides a safe, trustworthy, and sustainable home for children.\" \/>\n<meta name=\"robots\" content=\"index, follow, max-snippet:-1, max-image-preview:large, max-video-preview:-1\" \/>\n<link rel=\"canonical\" href=\"https:\/\/handprintecc.com\/fr\/contactez-nous\/\" \/>\n<meta property=\"og:locale\" content=\"fr_FR\" \/>\n<meta property=\"og:type\" content=\"article\" \/>\n<meta property=\"og:title\" content=\"Contactez Nous - HandPrint\" \/>\n<meta property=\"og:description\" content=\"Handprint is a private bilingual center located in Dubai, United Arab Emirates. Handprint provides a safe, trustworthy, and sustainable home for children.\" \/>\n<meta property=\"og:url\" content=\"https:\/\/handprintecc.com\/fr\/contactez-nous\/\" \/>\n<meta property=\"og:site_name\" content=\"HandPrint\" \/>\n<meta property=\"article:publisher\" content=\"https:\/\/www.facebook.com\/people\/Handprint-Early-Childhood-Center\/100089522331231\/\" \/>\n<meta property=\"article:modified_time\" content=\"2025-02-04T11:21:13+00:00\" \/>\n<meta property=\"og:image\" content=\"https:\/\/handprintecc.com\/wp-content\/uploads\/2023\/03\/handprint-logo-1200x675-1.png\" \/>\n\t<meta property=\"og:image:width\" content=\"1200\" \/>\n\t<meta property=\"og:image:height\" content=\"675\" \/>\n\t<meta property=\"og:image:type\" content=\"image\/png\" \/>\n<meta name=\"twitter:card\" content=\"summary_large_image\" \/>\n<meta name=\"twitter:label1\" content=\"Dur\u00e9e de lecture estim\u00e9e\" \/>\n\t<meta name=\"twitter:data1\" content=\"1 minute\" \/>\n<script type=\"application\/ld+json\" class=\"yoast-schema-graph\">{\"@context\":\"https:\\\/\\\/schema.org\",\"@graph\":[{\"@type\":\"WebPage\",\"@id\":\"https:\\\/\\\/handprintecc.com\\\/fr\\\/contactez-nous\\\/\",\"url\":\"https:\\\/\\\/handprintecc.com\\\/fr\\\/contactez-nous\\\/\",\"name\":\"Contactez Nous - HandPrint\",\"isPartOf\":{\"@id\":\"https:\\\/\\\/handprintecc.com\\\/fr\\\/#website\"},\"datePublished\":\"2022-11-07T14:17:36+00:00\",\"dateModified\":\"2025-02-04T11:21:13+00:00\",\"description\":\"Handprint is a private bilingual center located in Dubai, United Arab Emirates. Handprint provides a safe, trustworthy, and sustainable home for children.\",\"breadcrumb\":{\"@id\":\"https:\\\/\\\/handprintecc.com\\\/fr\\\/contactez-nous\\\/#breadcrumb\"},\"inLanguage\":\"fr-FR\",\"potentialAction\":[{\"@type\":\"ReadAction\",\"target\":[\"https:\\\/\\\/handprintecc.com\\\/fr\\\/contactez-nous\\\/\"]}]},{\"@type\":\"BreadcrumbList\",\"@id\":\"https:\\\/\\\/handprintecc.com\\\/fr\\\/contactez-nous\\\/#breadcrumb\",\"itemListElement\":[{\"@type\":\"ListItem\",\"position\":1,\"name\":\"Home\",\"item\":\"https:\\\/\\\/handprintecc.com\\\/fr\\\/\"},{\"@type\":\"ListItem\",\"position\":2,\"name\":\"Contactez Nous\"}]},{\"@type\":\"WebSite\",\"@id\":\"https:\\\/\\\/handprintecc.com\\\/fr\\\/#website\",\"url\":\"https:\\\/\\\/handprintecc.com\\\/fr\\\/\",\"name\":\"HandPrint\",\"description\":\"HandPrint Early Childhood Center\",\"publisher\":{\"@id\":\"https:\\\/\\\/handprintecc.com\\\/fr\\\/#organization\"},\"potentialAction\":[{\"@type\":\"SearchAction\",\"target\":{\"@type\":\"EntryPoint\",\"urlTemplate\":\"https:\\\/\\\/handprintecc.com\\\/fr\\\/?s={search_term_string}\"},\"query-input\":{\"@type\":\"PropertyValueSpecification\",\"valueRequired\":true,\"valueName\":\"search_term_string\"}}],\"inLanguage\":\"fr-FR\"},{\"@type\":\"Organization\",\"@id\":\"https:\\\/\\\/handprintecc.com\\\/fr\\\/#organization\",\"name\":\"HandPrint\",\"url\":\"https:\\\/\\\/handprintecc.com\\\/fr\\\/\",\"logo\":{\"@type\":\"ImageObject\",\"inLanguage\":\"fr-FR\",\"@id\":\"https:\\\/\\\/handprintecc.com\\\/fr\\\/#\\\/schema\\\/logo\\\/image\\\/\",\"url\":\"https:\\\/\\\/oj55bb.n3cdn1.secureserver.net\\\/wp-content\\\/uploads\\\/2023\\\/03\\\/handprint-logo-696x696-1.png?time=1678197435\",\"contentUrl\":\"https:\\\/\\\/oj55bb.n3cdn1.secureserver.net\\\/wp-content\\\/uploads\\\/2023\\\/03\\\/handprint-logo-696x696-1.png?time=1678197435\",\"width\":696,\"height\":696,\"caption\":\"HandPrint\"},\"image\":{\"@id\":\"https:\\\/\\\/handprintecc.com\\\/fr\\\/#\\\/schema\\\/logo\\\/image\\\/\"},\"sameAs\":[\"https:\\\/\\\/www.facebook.com\\\/people\\\/Handprint-Early-Childhood-Center\\\/100089522331231\\\/\",\"https:\\\/\\\/www.instagram.com\\\/handprintuae\\\/\",\"https:\\\/\\\/www.linkedin.com\\\/in\\\/handprint-early-childhood-center-325729263\\\/\"]}]}<\/script>\n<!-- \/ Yoast SEO plugin. -->","yoast_head_json":{"title":"Contactez Nous - HandPrint","description":"Handprint is a private bilingual center located in Dubai, United Arab Emirates. Handprint provides a safe, trustworthy, and sustainable home for children.","robots":{"index":"index","follow":"follow","max-snippet":"max-snippet:-1","max-image-preview":"max-image-preview:large","max-video-preview":"max-video-preview:-1"},"canonical":"https:\/\/handprintecc.com\/fr\/contactez-nous\/","og_locale":"fr_FR","og_type":"article","og_title":"Contactez Nous - HandPrint","og_description":"Handprint is a private bilingual center located in Dubai, United Arab Emirates. Handprint provides a safe, trustworthy, and sustainable home for children.","og_url":"https:\/\/handprintecc.com\/fr\/contactez-nous\/","og_site_name":"HandPrint","article_publisher":"https:\/\/www.facebook.com\/people\/Handprint-Early-Childhood-Center\/100089522331231\/","article_modified_time":"2025-02-04T11:21:13+00:00","og_image":[{"width":1200,"height":675,"url":"https:\/\/handprintecc.com\/wp-content\/uploads\/2023\/03\/handprint-logo-1200x675-1.png","type":"image\/png"}],"twitter_card":"summary_large_image","twitter_misc":{"Dur\u00e9e de lecture estim\u00e9e":"1 minute"},"schema":{"@context":"https:\/\/schema.org","@graph":[{"@type":"WebPage","@id":"https:\/\/handprintecc.com\/fr\/contactez-nous\/","url":"https:\/\/handprintecc.com\/fr\/contactez-nous\/","name":"Contactez Nous - HandPrint","isPartOf":{"@id":"https:\/\/handprintecc.com\/fr\/#website"},"datePublished":"2022-11-07T14:17:36+00:00","dateModified":"2025-02-04T11:21:13+00:00","description":"Handprint is a private bilingual center located in Dubai, United Arab Emirates. Handprint provides a safe, trustworthy, and sustainable home for children.","breadcrumb":{"@id":"https:\/\/handprintecc.com\/fr\/contactez-nous\/#breadcrumb"},"inLanguage":"fr-FR","potentialAction":[{"@type":"ReadAction","target":["https:\/\/handprintecc.com\/fr\/contactez-nous\/"]}]},{"@type":"BreadcrumbList","@id":"https:\/\/handprintecc.com\/fr\/contactez-nous\/#breadcrumb","itemListElement":[{"@type":"ListItem","position":1,"name":"Home","item":"https:\/\/handprintecc.com\/fr\/"},{"@type":"ListItem","position":2,"name":"Contactez Nous"}]},{"@type":"WebSite","@id":"https:\/\/handprintecc.com\/fr\/#website","url":"https:\/\/handprintecc.com\/fr\/","name":"HandPrint","description":"HandPrint Early Childhood Center","publisher":{"@id":"https:\/\/handprintecc.com\/fr\/#organization"},"potentialAction":[{"@type":"SearchAction","target":{"@type":"EntryPoint","urlTemplate":"https:\/\/handprintecc.com\/fr\/?s={search_term_string}"},"query-input":{"@type":"PropertyValueSpecification","valueRequired":true,"valueName":"search_term_string"}}],"inLanguage":"fr-FR"},{"@type":"Organization","@id":"https:\/\/handprintecc.com\/fr\/#organization","name":"HandPrint","url":"https:\/\/handprintecc.com\/fr\/","logo":{"@type":"ImageObject","inLanguage":"fr-FR","@id":"https:\/\/handprintecc.com\/fr\/#\/schema\/logo\/image\/","url":"https:\/\/oj55bb.n3cdn1.secureserver.net\/wp-content\/uploads\/2023\/03\/handprint-logo-696x696-1.png?time=1678197435","contentUrl":"https:\/\/oj55bb.n3cdn1.secureserver.net\/wp-content\/uploads\/2023\/03\/handprint-logo-696x696-1.png?time=1678197435","width":696,"height":696,"caption":"HandPrint"},"image":{"@id":"https:\/\/handprintecc.com\/fr\/#\/schema\/logo\/image\/"},"sameAs":["https:\/\/www.facebook.com\/people\/Handprint-Early-Childhood-Center\/100089522331231\/","https:\/\/www.instagram.com\/handprintuae\/","https:\/\/www.linkedin.com\/in\/handprint-early-childhood-center-325729263\/"]}]}},"_links":{"self":[{"href":"https:\/\/handprintecc.com\/fr\/wp-json\/wp\/v2\/pages\/1094","targetHints":{"allow":["GET"]}}],"collection":[{"href":"https:\/\/handprintecc.com\/fr\/wp-json\/wp\/v2\/pages"}],"about":[{"href":"https:\/\/handprintecc.com\/fr\/wp-json\/wp\/v2\/types\/page"}],"author":[{"embeddable":true,"href":"https:\/\/handprintecc.com\/fr\/wp-json\/wp\/v2\/users\/1"}],"replies":[{"embeddable":true,"href":"https:\/\/handprintecc.com\/fr\/wp-json\/wp\/v2\/comments?post=1094"}],"version-history":[{"count":18,"href":"https:\/\/handprintecc.com\/fr\/wp-json\/wp\/v2\/pages\/1094\/revisions"}],"predecessor-version":[{"id":1986,"href":"https:\/\/handprintecc.com\/fr\/wp-json\/wp\/v2\/pages\/1094\/revisions\/1986"}],"wp:attachment":[{"href":"https:\/\/handprintecc.com\/fr\/wp-json\/wp\/v2\/media?parent=1094"}],"curies":[{"name":"wp","href":"https:\/\/api.w.org\/{rel}","templated":true}]}}